{"id":169,"date":"2017-11-28T08:31:40","date_gmt":"2017-11-28T05:31:40","guid":{"rendered":"http:\/\/www.adi-maramures.ro\/?page_id=169"},"modified":"2026-04-08T13:29:35","modified_gmt":"2026-04-08T10:29:35","slug":"aparat-tehnic","status":"publish","type":"page","link":"https:\/\/www.adi-maramures.ro\/?page_id=169","title":{"rendered":"Aparat tehnic al ADI MARAMURE\u0218"},"content":{"rendered":"<p style=\"text-align: left;\">\u00a0\u00a0\u00a0\u00a0\u00a0\u00a0\u00a0 \u00cen vederea<b> <\/b>realiz\u0103rii scopului \u0219i obiectivelor sale, Asocia\u021bia a constituit un aparat tehnic propriu. Aparatul tehnic este condus de un director executiv numit de Consiliul Director, \u00een persoana <strong>doamnei Chermezan Lucia. <\/strong>Membrii aparatului tehnic au statut de salaria\u0163i ai Asocia\u0163iei.<\/p>\n<p style=\"text-align: left;\">Din aparatul tehnic al ADI-Maramure\u015f fac parte urm\u0103toarele persoane:<\/p>\n<p style=\"text-align: left;\"><b>&#8211; Lucia Chermezan &#8211; Director executiv<\/b>:<\/p>\n<p style=\"text-align: left;\">tel. mobil 0744757913; e-mail <a href=\"mailto:director@adi-maramures.ro\">office@adi-maramures.ro<\/a><\/p>\n<p style=\"text-align: left;\"><b>&#8211; Radu ARDELEAN &#8211; Director executiv adjunct, <\/b>e-mail: radu.ardelean@adi-maramures.ro<\/p>\n<p style=\"text-align: left;\"><strong><b>&#8211; <\/b>Adina HUSTI &#8211; Economist\u00a0<\/strong><\/p>\n<p style=\"text-align: left;\"><b>&#8211; M\u0103d\u0103lina Carmen LUCA \u2013 Responsabil strategie dezvoltare<\/b>: e-mail: luca.madalina@adi-maramures.ro<\/p>\n<p>&nbsp;<\/p>\n<p><b>DATELE DE CONTACT ADI-Maramure\u015f<\/b><\/p>\n<p><b>Adres\u0103: <\/b>Baia Mare, str. Gh. \u0218incai, nr. 21, jud. Maramure\u015f;\u00a0\u00a0\u00a0\u00a0\u00a0\u00a0\u00a0\u00a0\u00a0\u00a0\u00a0\u00a0\u00a0\u00a0\u00a0\u00a0\u00a0\u00a0\u00a0\u00a0\u00a0\u00a0\u00a0\u00a0\u00a0\u00a0\u00a0\u00a0\u00a0\u00a0\u00a0\u00a0<\/p>\n<p><b>OP: <\/b>Cod po\u015ftal: 430311, Rom\u00e2nia\u00a0 \u00a0 \u00a0 \u00a0<\/p>\n<p style=\"text-align: left;\"><b>E-mail:<\/b><b> <\/b><a href=\"mailto:office@adi-maramures.ro\">office@adi-maramures.ro<\/a>\u00a0<\/p>\n<p style=\"text-align: left;\"><b>Web:<\/b> <a href=\"http:\/\/www.adi-maramures.ro\">www.adi-maramures.ro<\/a><\/p>\n<p>&nbsp;<\/p>\n\n\n<p class=\"has-normal-font-size\"><\/p>\n","protected":false},"excerpt":{"rendered":"<p>\u00a0\u00a0\u00a0\u00a0\u00a0\u00a0\u00a0 \u00cen vederea realiz\u0103rii scopului \u0219i obiectivelor sale, Asocia\u021bia a constituit un aparat tehnic propriu. Aparatul tehnic este condus de un director executiv numit de Consiliul Director, \u00een persoana doamnei Chermezan Lucia. Membrii aparatului tehnic au statut de salaria\u0163i ai Asocia\u0163iei. Din aparatul tehnic al ADI-Maramure\u015f fac parte urm\u0103toarele persoane: &#8211; Lucia Chermezan &#8211; Director [&hellip;]<\/p>\n","protected":false},"author":1,"featured_media":0,"parent":134,"menu_order":0,"comment_status":"closed","ping_status":"closed","template":"","meta":{"footnotes":""},"class_list":["post-169","page","type-page","status-publish","hentry"],"_links":{"self":[{"href":"https:\/\/www.adi-maramures.ro\/index.php?rest_route=\/wp\/v2\/pages\/169"}],"collection":[{"href":"https:\/\/www.adi-maramures.ro\/index.php?rest_route=\/wp\/v2\/pages"}],"about":[{"href":"https:\/\/www.adi-maramures.ro\/index.php?rest_route=\/wp\/v2\/types\/page"}],"author":[{"embeddable":true,"href":"https:\/\/www.adi-maramures.ro\/index.php?rest_route=\/wp\/v2\/users\/1"}],"replies":[{"embeddable":true,"href":"https:\/\/www.adi-maramures.ro\/index.php?rest_route=%2Fwp%2Fv2%2Fcomments&post=169"}],"version-history":[{"count":11,"href":"https:\/\/www.adi-maramures.ro\/index.php?rest_route=\/wp\/v2\/pages\/169\/revisions"}],"predecessor-version":[{"id":826,"href":"https:\/\/www.adi-maramures.ro\/index.php?rest_route=\/wp\/v2\/pages\/169\/revisions\/826"}],"up":[{"embeddable":true,"href":"https:\/\/www.adi-maramures.ro\/index.php?rest_route=\/wp\/v2\/pages\/134"}],"wp:attachment":[{"href":"https:\/\/www.adi-maramures.ro\/index.php?rest_route=%2Fwp%2Fv2%2Fmedia&parent=169"}],"curies":[{"name":"wp","href":"https:\/\/api.w.org\/{rel}","templated":true}]}}