{"id":199,"date":"2017-11-28T09:37:04","date_gmt":"2017-11-28T06:37:04","guid":{"rendered":"http:\/\/www.adi-maramures.ro\/?page_id=199"},"modified":"2024-10-18T09:44:02","modified_gmt":"2024-10-18T06:44:02","slug":"presedinte-adi-maramures","status":"publish","type":"page","link":"https:\/\/www.adi-maramures.ro\/?page_id=199","title":{"rendered":"Pre\u015fedinte ADI-Maramure\u015f"},"content":{"rendered":"<p>Pre\u015fedintele Asocia\u0163iei ADI-Maramure\u015f este domnul <strong>Doru Ioan D\u0103ncu\u0219, primar al municipiului Baia Mare.<\/strong> Pre\u015fedintele Asocia\u0163iei este \u015fi pre\u015fedinte al consiliului director.<\/p>\n\n\n<p><\/p>\n","protected":false},"excerpt":{"rendered":"<p>Pre\u015fedintele Asocia\u0163iei ADI-Maramure\u015f este domnul Doru Ioan D\u0103ncu\u0219, primar al municipiului Baia Mare. Pre\u015fedintele Asocia\u0163iei este \u015fi pre\u015fedinte al consiliului director.<\/p>\n","protected":false},"author":1,"featured_media":0,"parent":134,"menu_order":0,"comment_status":"closed","ping_status":"closed","template":"","meta":{"footnotes":""},"class_list":["post-199","page","type-page","status-publish","hentry"],"_links":{"self":[{"href":"https:\/\/www.adi-maramures.ro\/index.php?rest_route=\/wp\/v2\/pages\/199"}],"collection":[{"href":"https:\/\/www.adi-maramures.ro\/index.php?rest_route=\/wp\/v2\/pages"}],"about":[{"href":"https:\/\/www.adi-maramures.ro\/index.php?rest_route=\/wp\/v2\/types\/page"}],"author":[{"embeddable":true,"href":"https:\/\/www.adi-maramures.ro\/index.php?rest_route=\/wp\/v2\/users\/1"}],"replies":[{"embeddable":true,"href":"https:\/\/www.adi-maramures.ro\/index.php?rest_route=%2Fwp%2Fv2%2Fcomments&post=199"}],"version-history":[{"count":6,"href":"https:\/\/www.adi-maramures.ro\/index.php?rest_route=\/wp\/v2\/pages\/199\/revisions"}],"predecessor-version":[{"id":712,"href":"https:\/\/www.adi-maramures.ro\/index.php?rest_route=\/wp\/v2\/pages\/199\/revisions\/712"}],"up":[{"embeddable":true,"href":"https:\/\/www.adi-maramures.ro\/index.php?rest_route=\/wp\/v2\/pages\/134"}],"wp:attachment":[{"href":"https:\/\/www.adi-maramures.ro\/index.php?rest_route=%2Fwp%2Fv2%2Fmedia&parent=199"}],"curies":[{"name":"wp","href":"https:\/\/api.w.org\/{rel}","templated":true}]}}