{"id":243,"date":"2018-05-29T15:02:36","date_gmt":"2018-05-29T12:02:36","guid":{"rendered":"http:\/\/www.adi-maramures.ro\/?page_id=243"},"modified":"2026-04-08T13:23:32","modified_gmt":"2026-04-08T10:23:32","slug":"hotarari-ale-adunarii-generale","status":"publish","type":"page","link":"https:\/\/www.adi-maramures.ro\/?page_id=243","title":{"rendered":"Hot\u0103r\u00e2ri ale Adun\u0103rii Generale"},"content":{"rendered":"<p><strong>Adunarea General\u0103 din 23 ianuarie 2018<\/strong><\/p>\n<p><a href=\"http:\/\/www.adi-maramures.ro\/activitati\/horararea-1\/\" rel=\"attachment wp-att-222\">Hor\u0103r\u00e2rea 1,\u00a0<\/a><a href=\"http:\/\/www.adi-maramures.ro\/activitati\/horararea-1\/\" rel=\"attachment wp-att-222\">Hor\u0103r\u00e2rea<\/a><a href=\"http:\/\/www.adi-maramures.ro\/activitati\/hotararea-2\/\" rel=\"attachment wp-att-223\"> 2 ,\u00a0<\/a><a href=\"http:\/\/www.adi-maramures.ro\/activitati\/horararea-1\/\" rel=\"attachment wp-att-222\">Hor\u0103r\u00e2rea<\/a><a href=\"http:\/\/www.adi-maramures.ro\/activitati\/hotararea-3\/\" rel=\"attachment wp-att-224\"> 3 ,\u00a0<\/a><a href=\"http:\/\/www.adi-maramures.ro\/activitati\/horararea-1\/\" rel=\"attachment wp-att-222\">Hor\u0103r\u00e2rea<\/a><a href=\"http:\/\/www.adi-maramures.ro\/activitati\/hotararea-4\/\" rel=\"attachment wp-att-225\"> 4 ,\u00a0<\/a><a href=\"http:\/\/www.adi-maramures.ro\/activitati\/horararea-1\/\" rel=\"attachment wp-att-222\">Hor\u0103r\u00e2rea<\/a><a href=\"http:\/\/www.adi-maramures.ro\/activitati\/hotararea-5\/\" rel=\"attachment wp-att-226\"> 5 ,\u00a0<\/a><a href=\"http:\/\/www.adi-maramures.ro\/activitati\/horararea-1\/\" rel=\"attachment wp-att-222\">Hor\u0103r\u00e2rea<\/a><a href=\"http:\/\/www.adi-maramures.ro\/activitati\/hotararea-6\/\" rel=\"attachment wp-att-227\"> 6 ,\u00a0<\/a><a href=\"http:\/\/www.adi-maramures.ro\/activitati\/horararea-1\/\" rel=\"attachment wp-att-222\">Hor\u0103r\u00e2rea<\/a><a href=\"http:\/\/www.adi-maramures.ro\/activitati\/hotararea-7\/\" rel=\"attachment wp-att-228\"> 7 ,\u00a0<\/a><a href=\"http:\/\/www.adi-maramures.ro\/activitati\/horararea-1\/\" rel=\"attachment wp-att-222\">Hor\u0103r\u00e2rea<\/a><a href=\"http:\/\/www.adi-maramures.ro\/activitati\/hotararea-8\/\" rel=\"attachment wp-att-229\"> 8<\/a><\/p>\n<p><strong>Adunarea General\u0103 din 13 martie 2018<\/strong><\/p>\n<p><a href=\"http:\/\/www.adi-maramures.ro\/activitati\/hotarari-ale-adunarii-generale\/hotararea-9\/\" rel=\"attachment wp-att-249\">Hot\u0103r\u00e2rea nr.9, <\/a><a href=\"http:\/\/www.adi-maramures.ro\/activitati\/hotarari-ale-adunarii-generale\/hotararea-10\/\" rel=\"attachment wp-att-250\">Hot\u0103r\u00e2rea nr.10, <\/a><a href=\"http:\/\/www.adi-maramures.ro\/activitati\/hotarari-ale-adunarii-generale\/hotararea-11\/\" rel=\"attachment wp-att-251\">Hot\u0103r\u00e2rea nr.11<\/a>, <a href=\"http:\/\/www.adi-maramures.ro\/activitati\/hotarari-ale-adunarii-generale\/hotararea-12\/\" rel=\"attachment wp-att-252\">Hot\u0103r\u00e2rea nr.12, <\/a><a href=\"http:\/\/www.adi-maramures.ro\/activitati\/hotarari-ale-adunarii-generale\/hotararea-13\/\" rel=\"attachment wp-att-253\">Hot\u0103r\u00e2rea nr.13<\/a>, <a href=\"http:\/\/www.adi-maramures.ro\/activitati\/hotarari-ale-adunarii-generale\/hotararea-14\/\" rel=\"attachment wp-att-254\">Hot\u0103r\u00e2rea nr.14, <\/a><a href=\"http:\/\/www.adi-maramures.ro\/activitati\/hotarari-ale-adunarii-generale\/hotararea-15\/\" rel=\"attachment wp-att-255\">Hot\u0103r\u00e2rea nr.15<\/a><\/p>\n<p><strong>Adunarea General\u0103 din 23 aprilie 2018<\/strong><\/p>\n<p><a href=\"http:\/\/www.adi-maramures.ro\/activitati\/hotarari-ale-adunarii-generale\/hotararea-16\/\" rel=\"attachment wp-att-258\">Hot\u0103r\u00e2rea nr.16<\/a><\/p>\n<p><strong>Adunarea General\u0103 din 3 mai 2018<\/strong><\/p>\n<p><a href=\"http:\/\/www.adi-maramures.ro\/activitati\/hotarari-ale-adunarii-generale\/hotarare-17\/\" rel=\"attachment wp-att-261\">Hot\u0103r\u00e2rea nr.17<\/a><\/p>\n<p><strong>Adunarea General\u0103 din 26 iunie 2018<\/strong><\/p>\n<p><a href=\"http:\/\/www.adi-maramures.ro\/activitati\/hotarari-ale-adunarii-generale\/hotararile-18-21\/\" rel=\"attachment wp-att-324\">Hot\u0103r\u00e2rile 18-21<\/a><\/p>\n<p><strong>Adunarea General\u0103 din 31 iulie 2018<\/strong><\/p>\n<p><a href=\"http:\/\/www.adi-maramures.ro\/activitati\/hotarari-ale-adunarii-generale\/hotararea-nr-24\/\" rel=\"attachment wp-att-328\">Hot\u0103r\u00e2rea nr.24, <\/a><a href=\"http:\/\/www.adi-maramures.ro\/activitati\/hotarari-ale-adunarii-generale\/hotararea-nr-24\/\" rel=\"attachment wp-att-328\">\u00a0<\/a><a href=\"http:\/\/www.adi-maramures.ro\/activitati\/hotarari-ale-adunarii-generale\/hotararea-nr-25\/\" rel=\"attachment wp-att-329\">Hot\u0103r\u00e2rea nr.25,\u00a0<\/a> <a href=\"http:\/\/www.adi-maramures.ro\/activitati\/hotarari-ale-adunarii-generale\/hotararea-nr-26\/\" rel=\"attachment wp-att-330\">Hot\u0103r\u00e2rea nr.26<\/a><\/p>\n<p><strong>Adunarea General\u0103 din 7 decembrie 2018<\/strong><\/p>\n<p><a href=\"http:\/\/www.adi-maramures.ro\/contractul-de-delegare\/contractul-de-delegare\/hotararea-nr-27\/\" rel=\"attachment wp-att-439\">Hot\u0103r\u00e2rea nr.27,\u00a0 <\/a><a href=\"http:\/\/www.adi-maramures.ro\/contractul-de-delegare\/contractul-de-delegare\/hotararea-nr-28\/\" rel=\"attachment wp-att-440\">Hot\u0103r\u00e2rea nr.28,\u00a0 <\/a><a href=\"http:\/\/www.adi-maramures.ro\/contractul-de-delegare\/contractul-de-delegare\/hotararea-nr-29\/\" rel=\"attachment wp-att-441\">Hot\u0103r\u00e2rea nr.29,\u00a0 <\/a><a href=\"http:\/\/www.adi-maramures.ro\/contractul-de-delegare\/contractul-de-delegare\/hotararea-nr-30\/\" rel=\"attachment wp-att-442\">Hot\u0103r\u00e2rea nr.30<\/a><\/p>\n<p><strong>Adunarea General\u0103 din 6 februarie 2019<\/strong><\/p>\n<p><a href=\"http:\/\/www.adi-maramures.ro\/activitati\/hotarari-ale-adunarii-generale\/hotararea-nr-1\/\" rel=\"attachment wp-att-454\">Hot\u0103r\u00e2rea nr.1, <\/a><a href=\"http:\/\/www.adi-maramures.ro\/activitati\/hotarari-ale-adunarii-generale\/hotarare-nr-2\/\" rel=\"attachment wp-att-448\">Hot\u0103r\u00e2rea nr.2<\/a>, <a href=\"http:\/\/www.adi-maramures.ro\/activitati\/hotarari-ale-adunarii-generale\/hotarare-nr-3\/\" rel=\"attachment wp-att-449\">Hot\u0103r\u00e2rea nr.3<\/a>, <a href=\"http:\/\/www.adi-maramures.ro\/activitati\/hotarari-ale-adunarii-generale\/hotarare-nr-4\/\" rel=\"attachment wp-att-450\">Hot\u0103r\u00e2rea nr.4<\/a>, <a href=\"http:\/\/www.adi-maramures.ro\/activitati\/hotarari-ale-adunarii-generale\/hotarare-nr-5\/\" rel=\"attachment wp-att-451\">Hot\u0103r\u00e2rea nr.5<\/a>, <a href=\"http:\/\/www.adi-maramures.ro\/activitati\/hotarari-ale-adunarii-generale\/hotarare-nr-6\/\" rel=\"attachment wp-att-452\">Hot\u0103r\u00e2rea nr.6<\/a>,\u00a0<a style=\"font-size: inherit;\" href=\"http:\/\/www.adi-maramures.ro\/activitati\/hotarari-ale-adunarii-generale\/hotarare-nr-7\/\" rel=\"attachment wp-att-453\">Hot\u0103r\u00e2rea nr.7<\/a><\/p>\n<p><strong>Adunarea General\u0103 din 30 martie 2019<\/strong><\/p>\n<p><a href=\"http:\/\/www.adi-maramures.ro\/activitati\/hotarari-ale-adunarii-generale\/hotarare-nr-8\/\" rel=\"attachment wp-att-458\">Hot\u0103r\u00e2rea nr.8<\/a><\/p>\n<p><strong>Adunarea General\u0103 din 23 aprilie 2019<\/strong><\/p>\n<p><a href=\"http:\/\/www.adi-maramures.ro\/activitati\/hotarari-ale-adunarii-generale\/hotararea-nr-9\/\" rel=\"attachment wp-att-463\">Hotar\u00e2rea nr.9, <\/a><a href=\"http:\/\/www.adi-maramures.ro\/activitati\/hotarari-ale-adunarii-generale\/hotarare-nr-10\/\" rel=\"attachment wp-att-459\">Hot\u0103r\u00e2rea nr.10<\/a><\/p>\n<p><strong>Adunarea General\u0103 din 20 mai 2019<\/strong><\/p>\n<p><a href=\"http:\/\/www.adi-maramures.ro\/wp-content\/uploads\/2020\/06\/Hot\u0103r\u00e2re-nr.11.pdf\">Hot\u0103r\u00e2rea nr.11<\/a><\/p>\n<p><strong>Adunarea general\u0103 din 29 august 2019<\/strong><\/p>\n<p><a href=\"http:\/\/www.adi-maramures.ro\/wp-content\/uploads\/2020\/06\/Hot\u0103r\u00e2re-nr.12.pdf\">Hot\u0103r\u00e2rea nr.12, <\/a><a href=\"http:\/\/www.adi-maramures.ro\/wp-content\/uploads\/2020\/06\/Hot\u0103r\u00e2re-nr.13-.pdf\">Hot\u0103r\u00e2rea nr.13, <\/a><a href=\"http:\/\/www.adi-maramures.ro\/wp-content\/uploads\/2020\/06\/Hot\u0103r\u00e2re-nr.14.pdf\">Hot\u0103t\u00e2rea nr.14<\/a><\/p>\n<p><strong>Adunarea General\u0103 din 19 decembrie 2019<\/strong><\/p>\n<p><a href=\"http:\/\/www.adi-maramures.ro\/wp-content\/uploads\/2020\/06\/Hot\u0103r\u00e2re-nr-15.pdf\">Hot\u0103r\u00e2rea nr.15<\/a><\/p>\n<p><strong>Adunarea General\u0103 din 10 martie 2020<\/strong><\/p>\n<p><a href=\"http:\/\/www.adi-maramures.ro\/wp-content\/uploads\/2020\/06\/Hotararea-nr.1-17062020120456.pdf\">Hot\u0103r\u00e2rea nr.1 , <\/a><a href=\"http:\/\/www.adi-maramures.ro\/activitati\/hotarari-ale-adunarii-generale\/hotararea-nr-2-17062020120527\/\">Hot\u0103r\u00e2rea nr.2, <\/a><a href=\"http:\/\/www.adi-maramures.ro\/activitati\/hotarari-ale-adunarii-generale\/hotararea-nr-3-17062020120553\/\">Hot\u0103r\u00e2rea nr.3<\/a><\/p>\n<p><strong>Adunarea General\u0103 din 31 martie 2020<\/strong><\/p>\n<p><a href=\"http:\/\/www.adi-maramures.ro\/wp-content\/uploads\/2023\/02\/Hotararile-4-5.-2020.pdf\">Hot\u0103r\u00e2rile nr. 4-5. 2020<\/a><\/p>\n<p><strong>Adunarea General\u0103 din 26 mai 2020<\/strong><\/p>\n<p><a href=\"http:\/\/www.adi-maramures.ro\/wp-content\/uploads\/2023\/02\/Hotararile-6-9.-2020.pdf\">Hot\u0103r\u00e2rile nr. 6-9. 2020<\/a><\/p>\n<p><strong>Adunarea General\u0103 din 30 iulie 2020<\/strong><\/p>\n<p><a href=\"http:\/\/www.adi-maramures.ro\/activitati\/hotarari-ale-adunarii-generale\/hotararile-10-11-2020\/\">Hot\u0103r\u00e2rile nr. 10-11. 2020<\/a><\/p>\n<p><strong>Adunarea General\u0103 din 25 martie 2021<\/strong><\/p>\n<p style=\"text-align: left;\"><a href=\"http:\/\/www.adi-maramures.ro\/wp-content\/uploads\/2023\/02\/Hotararile-nr.-1-5-2021.pdf\">Hot\u0103r\u00e2rile nr. 1-5. 2021 <\/a> , <a href=\"http:\/\/www.adi-maramures.ro\/wp-content\/uploads\/2023\/02\/Hotararea-nr.-6.pdf\">Hot\u0103r\u00e2rea nr. 6<\/a><\/p>\n<p><strong>Adunarea General\u0103 din 12 mai 2021<\/strong><\/p>\n<p><a href=\"http:\/\/www.adi-maramures.ro\/wp-content\/uploads\/2023\/02\/Hotararile-nr.-7-13.-2021.pdf\">Hot\u0103r\u00e2rile nr. 7-13. 2021<\/a><\/p>\n<p><strong>Adunarea General\u0103 din 19 iulie 2021<\/strong><\/p>\n<p><a href=\"http:\/\/www.adi-maramures.ro\/wp-content\/uploads\/2023\/02\/Hotararile-14-17.-2021.pdf\">Hot\u0103r\u00e2rile nr. 14-17. 2021<\/a><\/p>\n<p><strong>Adunarea General\u0103 din 6 septembrie 2021<\/strong><\/p>\n<p><a href=\"http:\/\/www.adi-maramures.ro\/wp-content\/uploads\/2023\/02\/Hotararea-18.2021.pdf\">Hot\u0103r\u00e2rea nr. 18<\/a><\/p>\n<p><strong>Adunarea General\u0103 din 14 Februarie 2022<\/strong><\/p>\n<p><a href=\"http:\/\/www.adi-maramures.ro\/activitati\/hotarari-ale-adunarii-generale\/hotararea-1-din-2022\/\">Hot\u0103r\u00e2rea 1 , <\/a><a href=\"http:\/\/www.adi-maramures.ro\/activitati\/hotarari-ale-adunarii-generale\/hotararea-2-din-2022\/\">Hot\u0103r\u00e2rea 2 , <\/a><a href=\"http:\/\/www.adi-maramures.ro\/activitati\/hotarari-ale-adunarii-generale\/hotararea-3-din-2022\/\">Hot\u0103r\u00e2rea 3 ,\u00a0 <\/a><a href=\"http:\/\/www.adi-maramures.ro\/activitati\/hotarari-ale-adunarii-generale\/hotararea-4-din-2022\/\">Hot\u0103r\u00e2rea 4 , <\/a><a href=\"http:\/\/www.adi-maramures.ro\/activitati\/hotarari-ale-adunarii-generale\/hotararea-5-din-2022\/\">Hot\u0103r\u00e2rea 5 , <\/a><a href=\"http:\/\/www.adi-maramures.ro\/activitati\/hotarari-ale-adunarii-generale\/hotararea-6-din-2022\/\">Hot\u0103r\u00e2rea 6 <\/a><\/p>\n<p><strong>Adunarea General\u0103 din 26 Iulie 2022<\/strong><\/p>\n<p><a href=\"http:\/\/www.adi-maramures.ro\/activitati\/hotarari-ale-adunarii-generale\/hotararea-7-din-2022\/\">Hot\u0103r\u00e2rea 7,\u00a0<\/a><a href=\"http:\/\/www.adi-maramures.ro\/activitati\/hotarari-ale-adunarii-generale\/hotararea-8-din-2022\/\">Hot\u0103r\u00e2rea 8, <\/a><a href=\"http:\/\/www.adi-maramures.ro\/activitati\/hotarari-ale-adunarii-generale\/hotararea-9-din-2022\/\">Hot\u0103r\u00e2rea 9, <\/a><a href=\"http:\/\/www.adi-maramures.ro\/activitati\/hotarari-ale-adunarii-generale\/hotararea-10-din-2022\/\">Hot\u0103r\u00e2rea 10, <\/a><a href=\"http:\/\/www.adi-maramures.ro\/activitati\/hotarari-ale-adunarii-generale\/hotararea-11-din-2022\/\">Hot\u0103r\u00e2rea 11, <\/a><a href=\"http:\/\/www.adi-maramures.ro\/activitati\/hotarari-ale-adunarii-generale\/hotararea-12-din-2022\/\">Hot\u0103r\u00e2rea 12, <\/a><a href=\"http:\/\/www.adi-maramures.ro\/activitati\/hotarari-ale-adunarii-generale\/hotararea-13-din-2022\/\">Hot\u0103r\u00e2rea 13, <\/a><a href=\"http:\/\/www.adi-maramures.ro\/activitati\/hotarari-ale-adunarii-generale\/hotararea-14-din-2022\/\">Hot\u0103r\u00e2rea 14, <\/a><a href=\"http:\/\/www.adi-maramures.ro\/activitati\/hotarari-ale-adunarii-generale\/hotararea-15-din-2022\/\">Hot\u0103r\u00e2rea 15<\/a><\/p>\n<p><strong>Adunarea General\u0103 din 24 Octombrie 2022<\/strong><\/p>\n<p><a href=\"http:\/\/www.adi-maramures.ro\/wp-content\/uploads\/2023\/02\/Hot\u0103r\u00e2rea-nr.-16.pdf\" target=\"_blank\" rel=\"noopener noreferrer\">Hot\u0103r\u00e2rea nr. 16,\u00a0<\/a><a href=\"http:\/\/www.adi-maramures.ro\/wp-content\/uploads\/2023\/02\/Hotararea-nr.-17-1.pdf\">Hotararea nr.17, <\/a><a href=\"http:\/\/www.adi-maramures.ro\/activitati\/hotarari-ale-adunarii-generale\/hotararea-nr-18-2\/\">Hot\u0103r\u00e2rea nr. 18, <\/a><a href=\"http:\/\/www.adi-maramures.ro\/wp-content\/uploads\/2023\/02\/Hot\u0103r\u00e2rea-nr.-19.pdf\">Hot\u0103r\u00e2rea nr. 19, <\/a><a href=\"http:\/\/www.adi-maramures.ro\/wp-content\/uploads\/2023\/02\/Hot\u0103r\u00e2rea-nr.-20.pdf\">Hot\u0103r\u00e2rea nr. 20<\/a><\/p>\n<p><strong>Adunarea General\u0103 din 22 Decembrie 2022<\/strong><\/p>\n<p><a href=\"http:\/\/www.adi-maramures.ro\/wp-content\/uploads\/2023\/02\/Hotararea-21.pdf\">Hot\u0103r\u00e2rea nr. 21, <\/a><a href=\"http:\/\/www.adi-maramures.ro\/activitati\/hotarari-ale-adunarii-generale\/hotararile-22-24-2022\/\">Hot\u0103r\u00e2rile nr. 22-24. 2022<\/a>\u00a0<\/p>\n<p><strong>Adun\u0103ri generale 2023<\/strong><\/p>\n<p><a href=\"http:\/\/www.adi-maramures.ro\/wp-content\/uploads\/2024\/10\/Hotararea-1-din-2023.pdf\">Hot\u0103r\u00e2rea 1\/ 2023<\/a> ,\u00a0<a href=\"http:\/\/www.adi-maramures.ro\/wp-content\/uploads\/2024\/10\/Hotararea-2-din-2023.pdf\">Hot\u0103r\u00e2rea 2\/ 2023<\/a> , <a href=\"http:\/\/www.adi-maramures.ro\/wp-content\/uploads\/2024\/10\/Hotararea-3-din-2023.pdf\">Hot\u0103r\u00e2rea 3\/ 2023<\/a> ,\u00a0<a href=\"http:\/\/www.adi-maramures.ro\/wp-content\/uploads\/2024\/10\/Hotararea-4-din-2023.pdf\">Hot\u0103r\u00e2rea 4\/ 2023<\/a> ,\u00a0<a href=\"http:\/\/www.adi-maramures.ro\/wp-content\/uploads\/2024\/10\/Hotararea-5-din-2023.pdf\">Hot\u0103r\u00e2rea 5\/ 2023<\/a> ,\u00a0<a href=\"http:\/\/www.adi-maramures.ro\/wp-content\/uploads\/2024\/10\/Hotararea-6-din-2023.pdf\">Hot\u0103r\u00e2rea 6\/ 2023<\/a> ,\u00a0<a href=\"http:\/\/www.adi-maramures.ro\/wp-content\/uploads\/2024\/10\/Hotararea-7-din-2023.pdf\">Hot\u0103r\u00e2rea 7\/ 2023<\/a> ,\u00a0<a href=\"http:\/\/www.adi-maramures.ro\/wp-content\/uploads\/2024\/10\/Hotararea-8-din-2023.pdf\">Hot\u0103r\u00e2rea 8\/ 2023<\/a> ,\u00a0<a href=\"http:\/\/www.adi-maramures.ro\/wp-content\/uploads\/2024\/10\/Hotararea-9-din-2023.pdf\">Hot\u0103r\u00e2rea 9\/ 2023<\/a> ,\u00a0<a href=\"http:\/\/www.adi-maramures.ro\/wp-content\/uploads\/2024\/10\/Hotararea-10-din-2023.pdf\">Hot\u0103r\u00e2rea 10\/ 2023<\/a>\u00a0 \u00a0<\/p>\n<p>\u00a0<strong>Adun\u0103ri generale 2024<\/strong><\/p>\n<p><a href=\"http:\/\/www.adi-maramures.ro\/wp-content\/uploads\/2024\/10\/Hotararea-1-din-2024.pdf\">Hot\u0103r\u00e2rea 1\/ 2024<\/a> ,\u00a0<a href=\"http:\/\/www.adi-maramures.ro\/wp-content\/uploads\/2024\/10\/Hotararea-2-din-2024.pdf\">Hot\u0103r\u00e2rea 2\/ 2024<\/a> ,\u00a0<a href=\"http:\/\/www.adi-maramures.ro\/wp-content\/uploads\/2024\/10\/Hotararea-3-din-2024.pdf\">Hot\u0103r\u00e2rea 3\/ 2024<\/a> ,\u00a0<a href=\"http:\/\/www.adi-maramures.ro\/wp-content\/uploads\/2024\/10\/Hotararea-4-din-2024.pdf\">Hot\u0103r\u00e2rea 4\/ 2023<\/a> ,\u00a0<a href=\"http:\/\/www.adi-maramures.ro\/wp-content\/uploads\/2024\/10\/Hotararea-5-din-2024.pdf\">Hot\u0103r\u00e2rea 5\/ 2024<\/a>,\u00a0<a href=\"http:\/\/www.adi-maramures.ro\/wp-content\/uploads\/2024\/10\/Hotararea-6-din-2024.pdf\">Hot\u0103r\u00e2rea 6\/ 2024<\/a> ,\u00a0<a href=\"http:\/\/www.adi-maramures.ro\/wp-content\/uploads\/2024\/10\/Hotararea-7-din-2024.pdf\">Hot\u0103r\u00e2rea 7\/ 2024<\/a> .<\/p>\n<p>\u00a0<strong>Adun\u0103ri generale 2025<\/strong><\/p>\n<p><a href=\"http:\/\/www.adi-maramures.ro\/wp-content\/uploads\/2025\/05\/Hotararea-nr.-1-din-2025.pdf\">Hot\u0103r\u00e2rea 1\/ 2025, <\/a><a href=\"http:\/\/www.adi-maramures.ro\/wp-content\/uploads\/2025\/05\/Hotararea-nr.-2-din-2025.pdf\">Hot\u0103r\u00e2rea 2\/ 2025, <\/a><a href=\"http:\/\/www.adi-maramures.ro\/wp-content\/uploads\/2025\/05\/Hotararea-nr.-3-din-2025.pdf\">Hot\u0103r\u00e2rea 3\/ 2025, <\/a><a href=\"http:\/\/www.adi-maramures.ro\/wp-content\/uploads\/2025\/05\/Hotararea-nr.-4-din-2025.pdf\">Hot\u0103r\u00e2rea 4\/ 2025, <\/a><a href=\"http:\/\/www.adi-maramures.ro\/wp-content\/uploads\/2025\/05\/Hotararea-nr.-5-din-2025.pdf\">Hot\u0103r\u00e2rea 5\/2025, <\/a><a href=\"http:\/\/www.adi-maramures.ro\/wp-content\/uploads\/2025\/05\/Hotararea-nr.-6-din-2025.pdf\">Hot\u0103r\u00e2rea 6\/2025, <\/a><a href=\"http:\/\/www.adi-maramures.ro\/wp-content\/uploads\/2025\/05\/Hotararea-nr.-7-din-2025.pdf\">Hot\u0103r\u00e2rea 7\/2025, <\/a><a href=\"http:\/\/www.adi-maramures.ro\/wp-content\/uploads\/2026\/04\/Hotararea-nr.-8-din-2025.pdf\">Hotararea nr. 8 din 2025, <\/a><a href=\"http:\/\/www.adi-maramures.ro\/wp-content\/uploads\/2026\/04\/Hotararea-nr.-9-din-2025.pdf\">Hotararea nr. 9 din 2025, <\/a><a href=\"http:\/\/www.adi-maramures.ro\/wp-content\/uploads\/2026\/04\/Hotararea-nr.-10-din-2025.pdf\">Hotararea nr. 10 din 2025<\/a>, <a href=\"http:\/\/www.adi-maramures.ro\/wp-content\/uploads\/2026\/04\/Hotararea-nr.-11-din-2025.pdf\">Hotararea nr. 11 din 2025<\/a>,<a href=\"http:\/\/www.adi-maramures.ro\/wp-content\/uploads\/2026\/04\/Hotararea-nr.-13-din-2025.pdf\">Hotararea nr. 13 din 2025<\/a>, <a href=\"http:\/\/www.adi-maramures.ro\/wp-content\/uploads\/2026\/04\/Hotararea-nr.-14-din-2025.pdf\">Hotararea nr. 14 din 2025<\/a>, <a href=\"http:\/\/www.adi-maramures.ro\/wp-content\/uploads\/2026\/04\/Hotararea-nr.-15-din-2025.pdf\">Hotararea nr. 15 din 2025<\/a>, <a href=\"http:\/\/www.adi-maramures.ro\/wp-content\/uploads\/2026\/04\/Hotararea-nr.-16-din-2025.pdf\">Hotararea nr. 16 din 2025<\/a>, <a href=\"http:\/\/www.adi-maramures.ro\/wp-content\/uploads\/2026\/04\/Hotararea-nr.-17-din-2025.pdf\">Hotararea nr. 17 din 2025<\/a>, <a href=\"http:\/\/www.adi-maramures.ro\/wp-content\/uploads\/2026\/04\/Hotararea-nr.-18-din-2025.pdf\">Hotararea nr. 18 din 2025<\/a>, <a href=\"http:\/\/www.adi-maramures.ro\/wp-content\/uploads\/2026\/04\/Hotararea-nr.-19-din-2025.pdf\">Hotararea nr. 19 din 2025<\/a><\/p>\n<p>\u00a0<strong>Adun\u0103ri generale 2026<\/strong><\/p>\n<p><!--more--><a href=\"http:\/\/www.adi-maramures.ro\/wp-content\/uploads\/2026\/04\/Hotararea-nr.-1-din-2026.pdf\">Hotararea nr. 1 din 2026<\/a>, <a href=\"http:\/\/www.adi-maramures.ro\/wp-content\/uploads\/2026\/04\/Hotararea-nr.-2-din-2026.pdf\">Hotararea nr. 2 din 2026<\/a><\/p>\n\n\n<p><\/p>\n","protected":false},"excerpt":{"rendered":"<p>Adunarea General\u0103 din 23 ianuarie 2018 Hor\u0103r\u00e2rea 1,\u00a0Hor\u0103r\u00e2rea 2 ,\u00a0Hor\u0103r\u00e2rea 3 ,\u00a0Hor\u0103r\u00e2rea 4 ,\u00a0Hor\u0103r\u00e2rea 5 ,\u00a0Hor\u0103r\u00e2rea 6 ,\u00a0Hor\u0103r\u00e2rea 7 ,\u00a0Hor\u0103r\u00e2rea 8 Adunarea General\u0103 din 13 martie 2018 Hot\u0103r\u00e2rea nr.9, Hot\u0103r\u00e2rea nr.10, Hot\u0103r\u00e2rea nr.11, Hot\u0103r\u00e2rea nr.12, Hot\u0103r\u00e2rea nr.13, Hot\u0103r\u00e2rea nr.14, Hot\u0103r\u00e2rea nr.15 Adunarea General\u0103 din 23 aprilie 2018 Hot\u0103r\u00e2rea nr.16 Adunarea General\u0103 din 3 mai 2018 [&hellip;]<\/p>\n","protected":false},"author":1,"featured_media":0,"parent":107,"menu_order":0,"comment_status":"closed","ping_status":"closed","template":"","meta":{"footnotes":""},"class_list":["post-243","page","type-page","status-publish","hentry"],"_links":{"self":[{"href":"https:\/\/www.adi-maramures.ro\/index.php?rest_route=\/wp\/v2\/pages\/243"}],"collection":[{"href":"https:\/\/www.adi-maramures.ro\/index.php?rest_route=\/wp\/v2\/pages"}],"about":[{"href":"https:\/\/www.adi-maramures.ro\/index.php?rest_route=\/wp\/v2\/types\/page"}],"author":[{"embeddable":true,"href":"https:\/\/www.adi-maramures.ro\/index.php?rest_route=\/wp\/v2\/users\/1"}],"replies":[{"embeddable":true,"href":"https:\/\/www.adi-maramures.ro\/index.php?rest_route=%2Fwp%2Fv2%2Fcomments&post=243"}],"version-history":[{"count":100,"href":"https:\/\/www.adi-maramures.ro\/index.php?rest_route=\/wp\/v2\/pages\/243\/revisions"}],"predecessor-version":[{"id":825,"href":"https:\/\/www.adi-maramures.ro\/index.php?rest_route=\/wp\/v2\/pages\/243\/revisions\/825"}],"up":[{"embeddable":true,"href":"https:\/\/www.adi-maramures.ro\/index.php?rest_route=\/wp\/v2\/pages\/107"}],"wp:attachment":[{"href":"https:\/\/www.adi-maramures.ro\/index.php?rest_route=%2Fwp%2Fv2%2Fmedia&parent=243"}],"curies":[{"name":"wp","href":"https:\/\/api.w.org\/{rel}","templated":true}]}}