{"id":47,"date":"2017-11-07T10:47:17","date_gmt":"2017-11-07T07:47:17","guid":{"rendered":"http:\/\/www.adi-maramures.ro\/?page_id=47"},"modified":"2025-05-07T10:31:48","modified_gmt":"2025-05-07T07:31:48","slug":"prezentare","status":"publish","type":"page","link":"https:\/\/www.adi-maramures.ro\/?page_id=47","title":{"rendered":"Prezentare"},"content":{"rendered":"<p>&nbsp;<\/p>\n<p><b>DESPRE ADI Maramure\u0219<\/b><\/p>\n<p><b>\u201eASOCIA\u021aIA DE DEZVOLTARE INTERCOMUNITAR\u0102 ADI-MARAMURE\u0218\u201d <\/b>s-a \u00eenfiin\u021bat prin dorin\u021ba de cooperare \u0219i asociere, exprimat\u0103 de o parte din Consiliile Locale ale Unit\u0103\u021bilor Teritoriale Administrative din jude\u021bul Maramure\u0219, inclusiv de Consiliul Jude\u021bean Maramure\u0219, prin reprezentan\u021bii legali ai acestora.<\/p>\n<p>Temeiul legal care a stat la baza constituirii Asocia\u021biei, este prev\u0103zut \u00een urm\u0103toarele acte normative:<\/p>\n<ul>\n<li>Legea 215\/2001 a administra\u021biei publice locale republicat\u0103, cu modific\u0103rile si complet\u0103rile ulterioare;<\/li>\n<li>Legea 51\/2006 a serviciilor comunitare de utilit\u0103\u0163i publice, cu modific\u0103rile \u0219i complet\u0103rile ulterioare;<\/li>\n<li>Legea 241\/2006 a serviciului de alimentare cu ap\u0103 \u015fi de canalizare, cu modific\u0103rile \u0219i complet\u0103rile ulterioare \u015fi<\/li>\n<li>OG 26\/2000 cu privire la asocia\u0163ii \u015fi funda\u0163ii, aprobat\u0103 cu modific\u0103ri \u0219i complet\u0103ri prin Legea nr 246\/2005.<\/li>\n<\/ul>\n<p><b>Asocia\u0163ia ADI-Maramures<\/b> este persoana juridica de drept privat, cu statut de utilitate public\u0103, av\u00e2nd scopul \u0219i atribu\u021biile prev\u0103zute \u00een Actul constitutiv \u0219i Statutul, prev\u0103zute de HG <b>855\/2008, <\/b>aprobate prin Hot\u0103r\u00e2rea <b>Adun\u0103rii Generale ADI-Maramure\u0219 nr. 6\/24.03.2010.<\/b><\/p>\n<p>Asocia\u0163ia este constituit\u0103 pe o durat\u0103 nedeterminat\u0103, \u00eencep\u00e2nd cu\u00a0 01.11.2001 data \u00eenscrierii sale \u00een Registrul asocia\u0163iilor \u015fi funda\u0163iilor, prin \u00cencheierea nr. 7573\/01.11.2001 a Judec\u0103toriei Baia Mare, av\u00e2nd cod CAEN 9499.<\/p>\n<p><b>SCOPUL \u0218I OBIECTIVELE ASOCIA\u021aIEI<\/b><\/p>\n<p><b>\u00a0 Scopul Asocia\u021biei declarate \u00een Actul constitutiv \u0219i \u00een Statut, vizeaz\u0103 urm\u0103toarele:<\/b><\/p>\n<ol>\n<li>Reglementarea,<b> \u00ee<\/b>nfiin\u021barea, organizarea, finan\u021barea, exploatarea, monitorizarea \u0219i gestionarea \u00een comun a Serviciului de alimentare cu ap\u0103 \u0219i de canalizare, de pe raza de competan\u021b\u0103 a Unit\u0103\u021bilor Administrativ Teritoriale, precum si realizarea in comun a unor proiecte de investitii publice de interes zonal sau regional destinate\u00a0 \u00eenfiin\u021b\u0103rii, moderniz\u0103rii \u0219i\/sau\u00a0 dezvolt\u0103rii, dupa caz, a sistemelor de utilit\u0103\u021bi publice\u00a0 aferente Serviciului, pe baza strategiei de dezvoltare a Serviciului.<\/li>\n<li>Realizarea\u00a0 interesului general comun al locuitorilor de pe raza Unit\u0103\u021bilor\u00a0 Adtministrativ Teritoriale membre, pentru:<\/li>\n<\/ol>\n<ul>\n<li>\u00eembun\u0103t\u0103\u021birea calit\u0103\u021bii serviciului;<\/li>\n<li>practicarea unor tarife care s\u0103 respecte limitele de suportabilitate ale popula\u021biei,;<\/li>\n<li>aplicarea principiului \u201epoluatorul pl\u0103te\u0219te\u201d;<\/li>\n<li>atingerea \u0219i respectarea\u00a0 standardelor europene privind protec\u021bia mediului, precum \u0219i<\/li>\n<li>cre\u0219terea capacit\u0103\u021bii de atragere a fondurilor pentru finan\u021barea investi\u021biilor necesare \u00een infrastructura tehnico-edilitara aferent\u0103 Serviciului.ce sta la baza constituirii Asocia\u021biei.<\/li>\n<\/ul>\n<p><b>C.\u00a0 \u00a0 <\/b>Gestiunea delegat\u0103 a Serviciului, care se va realiza \u00een baza unui Contract de Delegare, atribuit direct, conform Legii 51\/2006 cu modific\u0103rile \u0219i complet\u0103rile ulterioare \u0219i Legii 241\/2006 cu modific\u0103rile \u0219i complet\u0103rile ulterioare, Operatorului Regional SC \u201eVITAL\u201d SA.<\/p>\n<p><b>AC\u021aIUNI \u0218I ACTIVIT\u0102\u021aI DERULATE \u00ceN CADRUL ADI-Maramure\u0219<br \/>\n<\/b>\u00cen vederea atingerii scopului declarat, Asocia\u021bia a desf\u0103\u0219urat urm\u0103toarele ac\u021biuni:<\/p>\n<ul>\n<li>Urm\u0103rirea respect\u0103rii de c\u0103tre membrii ADI-Maramure\u0219 a prevederilor din Tratatul de aderare \u0219i a conform\u0103rii la Directivele Europene \u00een ceea ce prive\u0219te calitatea apei \u0219i a epur\u0103rii apelor uzate;<\/li>\n<li>Particip\u0103 \u0219i aprob\u0103 Strategia de dezvoltare a infrastructurii de ap\u0103 \u0219i ap\u0103 uzat\u0103, stabilit\u0103 prin Master Plan pe faze de implementare, la nivelul jude\u021bului Maramure\u0219;<\/li>\n<li>Implementarea prin UIP constituit la nivelul Asocia\u021biei a Proiectului \u201eMARA-Managementul re\u021belelor de ap\u0103-Reabilitarea sistemului de ap\u0103 \u00een 8 UAT din jud. Maramure\u0219, prin Programul Na\u021bional SAMTID, \u00een valoare total\u0103 de 13.338,052 mii euro;<\/li>\n<li>Implementarea conceptului de regionalizare, prin atragerea de noi membrii \u00een Asocia\u021bie \u0219i dezvoltarea acesteia, \u00een etape succesive;<\/li>\n<li>\u00cencheierea Contractului de Delegare\u00a0 a Gestiunii Serviciilor Publice de Alimentare cu Ap\u0103 \u0219i de Canalizare, aprobat prin Hot\u0103r\u00e2rea ADI-Maramure\u0219 nr. 15\/29.10.2008;<\/li>\n<li>Monitorizarea respect\u0103rii obliga\u021biilor asumate de Operatorul Regional prin Contractul de Delegare, \u00een ceea ce prive\u0219te realizarea indicatorilor de performan\u021b\u0103, executarea lucr\u0103rilor incredintate Operatorului \u0219i calitatea serviciilor furnizate utilizatorilor, conform Procedurii aprobat\u0103 de Consiliul Director \u0219i a Programului de monitorizare anual;<\/li>\n<li>Asigura ca partener activ interfa\u021ba \u00eentre Autorit\u0103\u021bile locale \u0219i Operatorul Regional, privind aspectele de dezvoltare si de gestiune a Serviciilor \u0219i coordoneaza politicile si actiunile de interes comunitar, in vederea cresterii progresive a nivelului de acoperire a Serviciului;<\/li>\n<li>Elaborarea de catre 22 UAT membre ADI-Maramures care au delegat Serviciile catre Operatorul Regional, a Studiilor de Oportunitate si a Caietelor de Sarcini, in vederea delegarii, aprobate prin Hotarari ale Consiliilor Locale;<\/li>\n<li>Participarea a zece membrii asociati, ca actionari la Operatorul Regional SC\u201dVITAL\u201d SA;<\/li>\n<li>Aprobarea Planul de evolutie a tarifelor, corelat cu dezvoltarea si imbunatatirea calitatii serviciilor si aprobarea anuala a tarifelor ajustate conform prevederilor legale, cu respectarea limitelor de suportabilitate ale populatiei;<\/li>\n<li>Actiuni de sustinere a membrilor ADI Maramures in vederea accesarii de fonduri, in vederea realizarii infrastructurii locale de apa si canalizare;<\/li>\n<li>Finalizarea proiectului POS Mediu \u2013 Axa 1, proiectul \u201eExtinderea si reabiltarea infrastructurii de apa si apa uzata in jud. Maramures\u201d, pentru pentru un numar de 6 aglomerari urbane, respectiv 8 UAT, prin atragerea fondurilor de catre ADI Maramures impreuna cu Operatorul Regional SC VITAL SA;<\/li>\n<li>Incheierea contractului de asistenta tehnica pentru pregatirea aplicatiei de finantare si a documentatiei de atribuire a programului POIM 2014-2020<\/li>\n<\/ul>\n","protected":false},"excerpt":{"rendered":"<p>&nbsp; DESPRE ADI Maramure\u0219 \u201eASOCIA\u021aIA DE DEZVOLTARE INTERCOMUNITAR\u0102 ADI-MARAMURE\u0218\u201d s-a \u00eenfiin\u021bat prin dorin\u021ba de cooperare \u0219i asociere, exprimat\u0103 de o parte din Consiliile Locale ale Unit\u0103\u021bilor Teritoriale Administrative din jude\u021bul Maramure\u0219, inclusiv de Consiliul Jude\u021bean Maramure\u0219, prin reprezentan\u021bii legali ai acestora. Temeiul legal care a stat la baza constituirii Asocia\u021biei, este prev\u0103zut \u00een urm\u0103toarele acte [&hellip;]<\/p>\n","protected":false},"author":1,"featured_media":0,"parent":6,"menu_order":1,"comment_status":"closed","ping_status":"closed","template":"","meta":{"footnotes":""},"class_list":["post-47","page","type-page","status-publish","hentry"],"_links":{"self":[{"href":"https:\/\/www.adi-maramures.ro\/index.php?rest_route=\/wp\/v2\/pages\/47"}],"collection":[{"href":"https:\/\/www.adi-maramures.ro\/index.php?rest_route=\/wp\/v2\/pages"}],"about":[{"href":"https:\/\/www.adi-maramures.ro\/index.php?rest_route=\/wp\/v2\/types\/page"}],"author":[{"embeddable":true,"href":"https:\/\/www.adi-maramures.ro\/index.php?rest_route=\/wp\/v2\/users\/1"}],"replies":[{"embeddable":true,"href":"https:\/\/www.adi-maramures.ro\/index.php?rest_route=%2Fwp%2Fv2%2Fcomments&post=47"}],"version-history":[{"count":13,"href":"https:\/\/www.adi-maramures.ro\/index.php?rest_route=\/wp\/v2\/pages\/47\/revisions"}],"predecessor-version":[{"id":801,"href":"https:\/\/www.adi-maramures.ro\/index.php?rest_route=\/wp\/v2\/pages\/47\/revisions\/801"}],"up":[{"embeddable":true,"href":"https:\/\/www.adi-maramures.ro\/index.php?rest_route=\/wp\/v2\/pages\/6"}],"wp:attachment":[{"href":"https:\/\/www.adi-maramures.ro\/index.php?rest_route=%2Fwp%2Fv2%2Fmedia&parent=47"}],"curies":[{"name":"wp","href":"https:\/\/api.w.org\/{rel}","templated":true}]}}