{"id":57,"date":"2017-11-07T10:49:00","date_gmt":"2017-11-07T07:49:00","guid":{"rendered":"http:\/\/www.adi-maramures.ro\/?page_id=57"},"modified":"2022-08-23T13:39:32","modified_gmt":"2022-08-23T10:39:32","slug":"legislatie","status":"publish","type":"page","link":"https:\/\/www.adi-maramures.ro\/?page_id=57","title":{"rendered":"Autoritate Public\u0103"},"content":{"rendered":"<p><a href=\"http:\/\/www.adi-maramures.ro\/activitati\/hotarari-ale-adunarii-generale\/scrisoare-de-asteptari\/\" rel=\"attachment wp-att-433\">Scrisoare de a\u015ftept\u0103ri<\/a><\/p>\n<p><a href=\"http:\/\/www.adi-maramures.ro\/activitati\/hotarari-ale-adunarii-generale\/plan-de-selectie\/\" rel=\"attachment wp-att-432\">Plan de selec\u0163ie<\/a><\/p>\n<p><a href=\"http:\/\/www.adi-maramures.ro\/wp-content\/uploads\/2020\/12\/DOC091220-09122020115318.pdf\">Raport Autoritatea Tutelar\u0103 2019 VITAL SA<\/a><\/p>\n<p><a href=\"http:\/\/www.adi-maramures.ro\/wp-content\/uploads\/2021\/11\/Raport-APT.pdf\">Raport Autoritatea Tutelar\u0103 2020 VITAL SA<\/a><\/p>\n<p><a href=\"http:\/\/www.adi-maramures.ro\/wp-content\/uploads\/2022\/08\/Raport-Autoritatea-Tutelara-2021-VITAL-SA-1.pdf\">Raport Autoritatea Tutelar\u0103 2021 VITAL SA<\/a><\/p>\n\n\n<figure class=\"wp-block-gallery columns-0 is-cropped wp-block-gallery-1 is-layout-flex wp-block-gallery-is-layout-flex\"><ul class=\"blocks-gallery-grid\"><\/ul><\/figure>\n\n\n\n<p><\/p>\n","protected":false},"excerpt":{"rendered":"<p>Scrisoare de a\u015ftept\u0103ri Plan de selec\u0163ie Raport Autoritatea Tutelar\u0103 2019 VITAL SA Raport Autoritatea Tutelar\u0103 2020 VITAL SA Raport Autoritatea Tutelar\u0103 2021 VITAL SA<\/p>\n","protected":false},"author":1,"featured_media":0,"parent":6,"menu_order":6,"comment_status":"closed","ping_status":"closed","template":"","meta":{"footnotes":""},"class_list":["post-57","page","type-page","status-publish","hentry"],"_links":{"self":[{"href":"https:\/\/www.adi-maramures.ro\/index.php?rest_route=\/wp\/v2\/pages\/57"}],"collection":[{"href":"https:\/\/www.adi-maramures.ro\/index.php?rest_route=\/wp\/v2\/pages"}],"about":[{"href":"https:\/\/www.adi-maramures.ro\/index.php?rest_route=\/wp\/v2\/types\/page"}],"author":[{"embeddable":true,"href":"https:\/\/www.adi-maramures.ro\/index.php?rest_route=\/wp\/v2\/users\/1"}],"replies":[{"embeddable":true,"href":"https:\/\/www.adi-maramures.ro\/index.php?rest_route=%2Fwp%2Fv2%2Fcomments&post=57"}],"version-history":[{"count":23,"href":"https:\/\/www.adi-maramures.ro\/index.php?rest_route=\/wp\/v2\/pages\/57\/revisions"}],"predecessor-version":[{"id":640,"href":"https:\/\/www.adi-maramures.ro\/index.php?rest_route=\/wp\/v2\/pages\/57\/revisions\/640"}],"up":[{"embeddable":true,"href":"https:\/\/www.adi-maramures.ro\/index.php?rest_route=\/wp\/v2\/pages\/6"}],"wp:attachment":[{"href":"https:\/\/www.adi-maramures.ro\/index.php?rest_route=%2Fwp%2Fv2%2Fmedia&parent=57"}],"curies":[{"name":"wp","href":"https:\/\/api.w.org\/{rel}","templated":true}]}}