{"id":6,"date":"2017-10-19T07:39:16","date_gmt":"2017-10-19T07:39:16","guid":{"rendered":"http:\/\/localhost\/adimaramures\/?page_id=6"},"modified":"2020-06-18T10:28:35","modified_gmt":"2020-06-18T07:28:35","slug":"despre-noi","status":"publish","type":"page","link":"https:\/\/www.adi-maramures.ro\/?page_id=6","title":{"rendered":"Despre noi"},"content":{"rendered":"<p><b>REPERE IN TIMP<\/b><\/p>\n<p><b>ADI-MARAMURES<\/b><\/p>\n<p><b>2001 \u2013 <\/b>s-a infiintat prima asociatie de municipalitati din Romania pentru serviciile de utilitati publice, in baza OG 26\/2000, ADIL-Maramures(Asociatia pentru Dezvoltarea Infrastructurii Locale a judetului Maramures), avand\u00a0 ca membri fondatori noua municipalitati maramuresene;<\/p>\n<p><b>2002 \u2013 <\/b>s-a derulat programul MUDP 3, prin USAID, constand din formare profesionala si identificarea nevoilor de investitii comune si prioritare in infrastructura de apa si canalizare la nivel judetean, care au stat la baza propunerii documentatiei de proiect;<\/p>\n<p><b>2002-2004 \u2013 <\/b>s-au pregatit documentatiile pentru proiectul \u201cReabilitarea sistemelor de apa in judetul Maramures\u201d: Studiul de Fezabilitate pentru 8 orase; Planul de utilitati subterane; Studiul de Oportunitate pentru delegarea serviciului de apa si apa uzata;<\/p>\n<p><b>2004 \u2013 <\/b>Asociatia a desemnat pe SC VITAL SA ca Operator Regional pentru serviciul de apa si canalizare in aria de operare a Asociatiei;<\/p>\n<p><b>2005 \u2013 <\/b>Asociatia aproba majorarea capitalului social a Operatorului Regional prin participarea in calitate de actionari\u00a0 a 11 membri asociati;<\/p>\n<p><b>2006 \u2013 <\/b>a fost realizata prima editie a \u201c<b>Master Plan<\/b> pentru apa si apa uzata in judetul Maramures\u201d si<\/p>\n<p>s-a instituit la nivelul ADI-Maramures, Unitatea de Implementare si Monitorizare a proiectului \u201cReabilitarea sistemelor de apa in judetul Maramures\u201d, in cadrul programului SAMTID;<\/p>\n<p><b>2006 \u2013 2009 \u2013 <\/b>s-a implementat in 8 orase din judetul Maramures, membre ale Asociatiei, primul proiect integrat pentru \u201cReabilitarea sistemelor de apa in judetul Maramures\u201d, in cadrul programului SAMTID, in valoare de 14,6 mil. euro;<\/p>\n<p><b>2008 \u2013 <\/b>s-a semnat \u201c<b>Contractul de delegare<\/b>\u201d intre Asociatie si Operatorul Regional de servicii publice pentru apa si canalizare si s-a probat \u201c<b>strategia de tarifare<\/b>\u201d pentru perioada 2008-2011;<\/p>\n<p><b>2009 &#8211; <\/b>s-a modificat denumirea Asociatiei conform cu prevederile HG 855\/2008, din ADIL-Maramures, in ADI-Maramures(Asociatia de Dezvoltare Intercomunitara ADI-Maramures), cu restrangerea domeniului de activitate doar pentru infrastructura de apa si apa uzata;<\/p>\n<p><b>\u2013 <\/b>are loc prima revizuire a \u201cMaster Plan pentru apa si apa uzata, judetul Maramures\u201d si se aproba implementarea primei etape din Master Plan;<\/p>\n<p><b>\u2013 <\/b>a fost aprobat \u201cRegulamentul Serviciului de apa si apa uzata\u201d, consolidat si armonizat, pentru intreaga arie de operare din judetul Maramures;<\/p>\n<p><b>2010 \u2013 <\/b>s-a desfasurat prima monitorizare a Contractului de Delegare incheiat cu Operatorul Regional;<\/p>\n<p><b>2011 \u2013 <\/b>s-a aprobat Studiul de Fezabilitate pentru proiectul integrat din faza 1 a Master Planului \u201cExtinderea si reabilitarea infrastructurii de apa si apa uzata in jud. Maramures\u201d, finantat prin Programul Operational Sectorial Mediu, Axa 1 &#8211; apa si apa uzata, pentru 9 municipii si orase membre ale asociatiei, grupate in 7 aglomerari urbane, in valoare de 148,2 mil euro;<b> \u00a0<\/b><\/p>\n<p><b>&#8211; <\/b>s-a aprobat \u201cstrategia de tarifare\u201d pentru perioada 2011-2014;<\/p>\n<p><b>2012\u00a0 \u2013 <\/b>s-a semnat<b> <\/b>proiectul \u201cExtinderea si reabilitarea infrastructurii de apa si apa uzata in judetul Maramures\u201d in valoare totala de 148 mil.euro.La nivelul judetului Maramures proiectul integrat pentru apa si apa uzata este cel mai mare proiect judetean atras de ADI-Maramures impreuna cu comunitatile locale membre si Operatorul Regional SC VITAL SA Baia Mare.<\/p>\n<p><b>2013 \u2013 <\/b>s-a aprobat Master Plan-ul pentru apa &#8211; canal a judetului Maramures de catre uat-urile, Consiliul Judetean Maramures si ADI-Maramures.<b> \u00a0<\/b><\/p>\n<p><b>2015 &#8211;\u00a0 <\/b>s-a semnat<b> <\/b>proiectului POS Mediu, Axa 1 \u201eExtindere si modernizare sisteme de alimentare cu apa si canalizare menajera in localitatile Baia Mare, Sighetu Marmatiei, Tautii Magheraus, Targu Lapus, Viseu de Sus, Baia Sprie si Seini din jude\u021bul Maramure\u0219\u201d- investitii din economii in valoare totala de 12,5 mil.euro.<\/p>\n<p>&#8211; s-a depus cererea de finantare pentru contractul de asistenta tehnica pentru pregatirea aplicatiei de finantare si a documentatiei de atribuire au programului POIM 2014-2020.<\/p>\n<p><b>2016<\/b> <b>&#8211;<\/b> Semnare Contract de finan\u0163are pt proiectul fazat \u201c Extinderea \u0219i \u00a0 reabilitarea infrastructurii de ap\u0103 \u0219i ap\u0103 uzat\u0103 \u00een jude\u021bul Maramure\u0219\u2019\u2019<\/p>\n<p><b>2017 &#8211; <\/b>a fost demarat\u0103 procedura de achizi\u0163ie public\u0103 a contractului de \u00a0 asisten\u0163\u0103 tehnic\u0103 pentru POIM 2014-2020, proiect regional<\/p>\n<p>Asociatia are 55 de membri, cu o populatie de 395.782 locuitori, reprezentand 80% din totalul populatiei judetului Maramures.<\/p>\n<p><strong>2018- <\/strong>Semnare Contract sectorial de servicii nr. 47\/14.02.2018 cu asocierea\u00a0 S.C\u00a0 EPTISA Rom\u00e2nia S.R.L care are ca obiectiv \u201e <strong>Asisten\u0163\u0103 Tehnic\u0103 pentru preg\u0103tirea Aplica\u0163iei de Finan\u0163are \u015fi a Documenta\u0163iilor de Atribuire pentru proiectul regional de dezvoltare a infrastructurii de ap\u0103 \u015fi ap\u0103 uzat\u0103 din jude\u0163ul Maramure\u015f, \u00een perioada 2014 &#8211; 2020 \u201d.<\/strong><\/p>\n<p>Semnarea Contractului \u00a0de Finan\u0163are \u00een 30.10.2018 cu Ministerul Fondurilor Europene aferent proiectului \u201d<strong> Sprijin pentru preg\u0103tirea Aplica\u0163iei de Finan\u0163are \u015fi a Documenta\u0163iilor\u00a0 de Atribuire pentru proiectul regional de dezvoltare a infrastructurii de ap\u0103 \u015fi ap\u0103 uzat\u0103 din jude\u0163ul Maramure\u015f, \u00een perioada 2014 &#8211; 2020\u201d<\/strong><\/p>\n<p>\u00a0<\/p>\n\n\n<p><\/p>\n","protected":false},"excerpt":{"rendered":"<p>REPERE IN TIMP ADI-MARAMURES 2001 \u2013 s-a infiintat prima asociatie de municipalitati din Romania pentru serviciile de utilitati publice, in baza OG 26\/2000, ADIL-Maramures(Asociatia pentru Dezvoltarea Infrastructurii Locale a judetului Maramures), avand\u00a0 ca membri fondatori noua municipalitati maramuresene; 2002 \u2013 s-a derulat programul MUDP 3, prin USAID, constand din formare profesionala si identificarea nevoilor de [&hellip;]<\/p>\n","protected":false},"author":1,"featured_media":0,"parent":0,"menu_order":1,"comment_status":"closed","ping_status":"closed","template":"","meta":{"footnotes":""},"class_list":["post-6","page","type-page","status-publish","hentry"],"_links":{"self":[{"href":"https:\/\/www.adi-maramures.ro\/index.php?rest_route=\/wp\/v2\/pages\/6"}],"collection":[{"href":"https:\/\/www.adi-maramures.ro\/index.php?rest_route=\/wp\/v2\/pages"}],"about":[{"href":"https:\/\/www.adi-maramures.ro\/index.php?rest_route=\/wp\/v2\/types\/page"}],"author":[{"embeddable":true,"href":"https:\/\/www.adi-maramures.ro\/index.php?rest_route=\/wp\/v2\/users\/1"}],"replies":[{"embeddable":true,"href":"https:\/\/www.adi-maramures.ro\/index.php?rest_route=%2Fwp%2Fv2%2Fcomments&post=6"}],"version-history":[{"count":8,"href":"https:\/\/www.adi-maramures.ro\/index.php?rest_route=\/wp\/v2\/pages\/6\/revisions"}],"predecessor-version":[{"id":700,"href":"https:\/\/www.adi-maramures.ro\/index.php?rest_route=\/wp\/v2\/pages\/6\/revisions\/700"}],"wp:attachment":[{"href":"https:\/\/www.adi-maramures.ro\/index.php?rest_route=%2Fwp%2Fv2%2Fmedia&parent=6"}],"curies":[{"name":"wp","href":"https:\/\/api.w.org\/{rel}","templated":true}]}}