{"id":69,"date":"2017-11-07T10:58:15","date_gmt":"2017-11-07T07:58:15","guid":{"rendered":"http:\/\/www.adi-maramures.ro\/?page_id=69"},"modified":"2024-10-18T11:03:01","modified_gmt":"2024-10-18T08:03:01","slug":"uat-semnatare","status":"publish","type":"page","link":"https:\/\/www.adi-maramures.ro\/?page_id=69","title":{"rendered":"UAT SEMNATARE"},"content":{"rendered":"<p><strong>Semnatari ai Contractului de delegare a gestiunii serviciilor &#8211; 35 de UAT-uri <\/strong><\/p>\n<p><strong>2 municipii <\/strong>&#8211; Baia Mare, Sighetu Marma\u021biei;<\/p>\n<p><strong>8 ora\u0219e<\/strong> &#8211; Baia Sprie, Cavnic, Seini, \u0218omcuta Mare, T\u0103u\u021bii M\u0103gher\u0103u\u0219, T\u00e2rgu L\u0103pu\u0219, Ulmeni, Vi\u0219eu de Sus;<\/p>\n<p><strong>25 comune<\/strong> &#8211; Ardusat, Bocicoiu Mare, Bistra, Baiut, Coa\u0219, Copalnic M\u0103n\u0103\u0219tur, Colt\u0103u, Cic\u00e2rl\u0103u, C\u00e2mpulung la Tisa,\u00a0 Dumbr\u0103vi\u021ba, Gro\u0219i, Gro\u0219ii \u021aible\u0219ului, L\u0103pu\u0219, Mire\u0219u Mare, Petrova, Poienile de Sub Munte, Recea, Remetea Chioarului, Reme\u021bi, Rona de Jos,\u00a0 Satulung, Saras\u0103u, S\u0103c\u0103l\u0103\u0219eni, Suciu de Sus, \u0218i\u0219e\u0219ti, Vadu Izei.<\/p>\n","protected":false},"excerpt":{"rendered":"<p>Semnatari ai Contractului de delegare a gestiunii serviciilor &#8211; 35 de UAT-uri 2 municipii &#8211; Baia Mare, Sighetu Marma\u021biei; 8 ora\u0219e &#8211; Baia Sprie, Cavnic, Seini, \u0218omcuta Mare, T\u0103u\u021bii M\u0103gher\u0103u\u0219, T\u00e2rgu L\u0103pu\u0219, Ulmeni, Vi\u0219eu de Sus; 25 comune &#8211; Ardusat, Bocicoiu Mare, Bistra, Baiut, Coa\u0219, Copalnic M\u0103n\u0103\u0219tur, Colt\u0103u, Cic\u00e2rl\u0103u, C\u00e2mpulung la Tisa,\u00a0 Dumbr\u0103vi\u021ba, Gro\u0219i, Gro\u0219ii [&hellip;]<\/p>\n","protected":false},"author":1,"featured_media":0,"parent":14,"menu_order":4,"comment_status":"closed","ping_status":"closed","template":"","meta":{"footnotes":""},"class_list":["post-69","page","type-page","status-publish","hentry"],"_links":{"self":[{"href":"https:\/\/www.adi-maramures.ro\/index.php?rest_route=\/wp\/v2\/pages\/69"}],"collection":[{"href":"https:\/\/www.adi-maramures.ro\/index.php?rest_route=\/wp\/v2\/pages"}],"about":[{"href":"https:\/\/www.adi-maramures.ro\/index.php?rest_route=\/wp\/v2\/types\/page"}],"author":[{"embeddable":true,"href":"https:\/\/www.adi-maramures.ro\/index.php?rest_route=\/wp\/v2\/users\/1"}],"replies":[{"embeddable":true,"href":"https:\/\/www.adi-maramures.ro\/index.php?rest_route=%2Fwp%2Fv2%2Fcomments&post=69"}],"version-history":[{"count":5,"href":"https:\/\/www.adi-maramures.ro\/index.php?rest_route=\/wp\/v2\/pages\/69\/revisions"}],"predecessor-version":[{"id":763,"href":"https:\/\/www.adi-maramures.ro\/index.php?rest_route=\/wp\/v2\/pages\/69\/revisions\/763"}],"up":[{"embeddable":true,"href":"https:\/\/www.adi-maramures.ro\/index.php?rest_route=\/wp\/v2\/pages\/14"}],"wp:attachment":[{"href":"https:\/\/www.adi-maramures.ro\/index.php?rest_route=%2Fwp%2Fv2%2Fmedia&parent=69"}],"curies":[{"name":"wp","href":"https:\/\/api.w.org\/{rel}","templated":true}]}}